{"id":2,"date":"2026-03-02T13:22:16","date_gmt":"2026-03-02T13:22:16","guid":{"rendered":"https:\/\/caleosorganic.com\/?page_id=2"},"modified":"2026-04-13T10:31:17","modified_gmt":"2026-04-13T15:31:17","slug":"sample-page","status":"publish","type":"page","link":"https:\/\/caleosorganic.com\/","title":{"rendered":"Inicio"},"content":{"rendered":"\t\t<div data-elementor-type=\"wp-page\" data-elementor-id=\"2\" class=\"elementor elementor-2\" data-elementor-post-type=\"page\">\n\t\t\t\t<div class=\"elementor-element elementor-element-5ba2163 e-flex e-con-boxed e-con e-parent\" data-id=\"5ba2163\" data-element_type=\"container\" data-e-type=\"container\" data-settings=\"{&quot;background_background&quot;:&quot;slideshow&quot;,&quot;background_slideshow_gallery&quot;:[{&quot;id&quot;:108,&quot;url&quot;:&quot;https:\\\/\\\/caleosorganic.com\\\/wp-content\\\/uploads\\\/2026\\\/03\\\/caleos-organic-miel.jpg&quot;},{&quot;id&quot;:142,&quot;url&quot;:&quot;https:\\\/\\\/caleosorganic.com\\\/wp-content\\\/uploads\\\/2026\\\/04\\\/kaleos-organic-miel-2.jpg&quot;},{&quot;id&quot;:143,&quot;url&quot;:&quot;https:\\\/\\\/caleosorganic.com\\\/wp-content\\\/uploads\\\/2026\\\/04\\\/kaleos-organic-miel-3.jpg&quot;}],&quot;background_slideshow_slide_duration&quot;:10000,&quot;background_slideshow_slide_transition&quot;:&quot;slide_right&quot;,&quot;background_slideshow_loop&quot;:&quot;yes&quot;,&quot;background_slideshow_transition_duration&quot;:500}\">\n\t\t\t\t\t<div class=\"e-con-inner\">\n\t\t\t\t<div class=\"elementor-element elementor-element-1326332 elementor-widget elementor-widget-heading\" data-id=\"1326332\" data-element_type=\"widget\" data-e-type=\"widget\" data-widget_type=\"heading.default\">\n\t\t\t\t\t<h1 class=\"elementor-heading-title elementor-size-default\">Caleos<\/h1>\t\t\t\t<\/div>\n\t\t\t\t<div class=\"elementor-element elementor-element-8eb8c56 elementor-widget elementor-widget-heading\" data-id=\"8eb8c56\" data-element_type=\"widget\" data-e-type=\"widget\" data-widget_type=\"heading.default\">\n\t\t\t\t\t<h3 class=\"elementor-heading-title elementor-size-default\">Hay nuevas recetas para preparar y compartir.<\/h3>\t\t\t\t<\/div>\n\t\t\t\t<div class=\"elementor-element elementor-element-2ee735c elementor-align-center elementor-widget elementor-widget-button\" data-id=\"2ee735c\" data-element_type=\"widget\" data-e-type=\"widget\" data-widget_type=\"button.default\">\n\t\t\t\t\t\t\t\t\t\t<a class=\"elementor-button elementor-button-link elementor-size-sm\" href=\"#\">\n\t\t\t\t\t\t<span class=\"elementor-button-content-wrapper\">\n\t\t\t\t\t\t\t\t\t<span class=\"elementor-button-text\">Descubre mas!!<\/span>\n\t\t\t\t\t<\/span>\n\t\t\t\t\t<\/a>\n\t\t\t\t\t\t\t\t<\/div>\n\t\t\t\t\t<\/div>\n\t\t\t\t<\/div>\n\t\t<div class=\"elementor-element elementor-element-97f049a e-flex e-con-boxed e-con e-parent\" data-id=\"97f049a\" data-element_type=\"container\" data-e-type=\"container\" data-settings=\"{&quot;background_background&quot;:&quot;classic&quot;}\">\n\t\t\t\t\t<div class=\"e-con-inner\">\n\t\t<div class=\"elementor-element elementor-element-0e54651 e-con-full e-flex e-con e-child\" data-id=\"0e54651\" data-element_type=\"container\" data-e-type=\"container\">\n\t\t\t\t<div class=\"elementor-element elementor-element-4bb6fbf elementor-widget elementor-widget-image\" data-id=\"4bb6fbf\" data-element_type=\"widget\" data-e-type=\"widget\" data-widget_type=\"image.default\">\n\t\t\t\t\t\t\t\t\t\t\t\t\t\t\t<img fetchpriority=\"high\" decoding=\"async\" width=\"800\" height=\"600\" src=\"https:\/\/caleosorganic.com\/wp-content\/uploads\/2026\/03\/IMG_1288-1024x768.jpeg\" class=\"attachment-large size-large wp-image-75\" alt=\"\" srcset=\"https:\/\/caleosorganic.com\/wp-content\/uploads\/2026\/03\/IMG_1288-1024x768.jpeg 1024w, https:\/\/caleosorganic.com\/wp-content\/uploads\/2026\/03\/IMG_1288-300x225.jpeg 300w, https:\/\/caleosorganic.com\/wp-content\/uploads\/2026\/03\/IMG_1288-768x576.jpeg 768w, https:\/\/caleosorganic.com\/wp-content\/uploads\/2026\/03\/IMG_1288-1536x1152.jpeg 1536w, https:\/\/caleosorganic.com\/wp-content\/uploads\/2026\/03\/IMG_1288-2048x1536.jpeg 2048w\" sizes=\"(max-width: 800px) 100vw, 800px\" \/>\t\t\t\t\t\t\t\t\t\t\t\t\t\t\t<\/div>\n\t\t\t\t<\/div>\n\t\t<div class=\"elementor-element elementor-element-b2c6680 e-con-full e-flex e-con e-child\" data-id=\"b2c6680\" data-element_type=\"container\" data-e-type=\"container\">\n\t\t\t\t<div class=\"elementor-element elementor-element-25c60a5 elementor-widget elementor-widget-text-editor\" data-id=\"25c60a5\" data-element_type=\"widget\" data-e-type=\"widget\" data-widget_type=\"text-editor.default\">\n\t\t\t\t\t\t\t\t\t<p data-start=\"1046\" data-end=\"1451\">En\u00a0<strong data-start=\"1049\" data-end=\"1059\">CALEOS<\/strong>\u00a0creemos que la verdadera calidad nace del respeto: respeto por la naturaleza, por las abejas y por las personas que hacen posible cada cosecha. Trabajamos bajo un modelo de abastecimiento responsable, seleccionando cuidadosamente nuestras materias primas y acompa\u00f1ando a nuestros apicultores en pr\u00e1cticas sostenibles que protegen los ecosistemas y garantizan la pureza de nuestros productos.<\/p><p data-start=\"1453\" data-end=\"1723\">Impulsamos el desarrollo regional generando empleo digno y promoviendo el bienestar de los trabajadores colombianos y sus comunidades. Cada frasco de CALEOS representa no solo miel de alta calidad, sino tambi\u00e9n compromiso social, crecimiento local y sostenibilidad real.<\/p><p data-start=\"1725\" data-end=\"1803\">Porque para nosotros, lo premium no solo est\u00e1 en el sabor\u2026 est\u00e1 en el impacto.<\/p>\t\t\t\t\t\t\t\t<\/div>\n\t\t\t\t<\/div>\n\t\t\t\t\t<\/div>\n\t\t\t\t<\/div>\n\t\t<div class=\"elementor-element elementor-element-a6dcabd e-flex e-con-boxed e-con e-parent\" data-id=\"a6dcabd\" data-element_type=\"container\" data-e-type=\"container\" data-settings=\"{&quot;background_background&quot;:&quot;classic&quot;}\">\n\t\t\t\t\t<div class=\"e-con-inner\">\n\t\t<div class=\"elementor-element elementor-element-d15742a e-con-full e-flex e-con e-child\" data-id=\"d15742a\" data-element_type=\"container\" data-e-type=\"container\">\n\t\t\t\t<div class=\"elementor-element elementor-element-4df3b00 elementor-widget elementor-widget-text-editor\" data-id=\"4df3b00\" data-element_type=\"widget\" data-e-type=\"widget\" data-widget_type=\"text-editor.default\">\n\t\t\t\t\t\t\t\t\t<p data-start=\"0\" data-end=\"183\">KALEOS basa su calidad en el respeto por la naturaleza, las abejas y las personas, aplicando un modelo de abastecimiento responsable y pr\u00e1cticas sostenibles junto a sus apicultores.<\/p><p data-start=\"185\" data-end=\"380\">Impulsamos el desarrollo regional mediante empleo digno y bienestar comunitario, de modo que cada producto refleja no solo alta calidad, sino tambi\u00e9n compromiso social y sostenibilidad.<\/p><p data-start=\"382\" data-end=\"564\" data-is-last-node=\"\" data-is-only-node=\"\">Adem\u00e1s, promovemos iniciativas y alianzas que fortalecen a las comunidades frente a desaf\u00edos agr\u00edcolas, sociales y ambientales, consolidando una cadena de valor m\u00e1s justa y sostenible.<\/p>\t\t\t\t\t\t\t\t<\/div>\n\t\t\t\t<\/div>\n\t\t<div class=\"elementor-element elementor-element-1b98fd5 e-con-full e-flex e-con e-child\" data-id=\"1b98fd5\" data-element_type=\"container\" data-e-type=\"container\">\n\t\t\t\t<div class=\"elementor-element elementor-element-9ed10e4 elementor-widget elementor-widget-image\" data-id=\"9ed10e4\" data-element_type=\"widget\" data-e-type=\"widget\" data-widget_type=\"image.default\">\n\t\t\t\t\t\t\t\t\t\t\t\t\t\t\t<img decoding=\"async\" width=\"640\" height=\"359\" src=\"https:\/\/caleosorganic.com\/wp-content\/uploads\/2026\/03\/pngtree-large-hive-of-honey-bees-in-the-center-of-a-wooden-image_2886374.jpg\" class=\"attachment-large size-large wp-image-46\" alt=\"\" srcset=\"https:\/\/caleosorganic.com\/wp-content\/uploads\/2026\/03\/pngtree-large-hive-of-honey-bees-in-the-center-of-a-wooden-image_2886374.jpg 640w, https:\/\/caleosorganic.com\/wp-content\/uploads\/2026\/03\/pngtree-large-hive-of-honey-bees-in-the-center-of-a-wooden-image_2886374-300x168.jpg 300w\" sizes=\"(max-width: 640px) 100vw, 640px\" \/>\t\t\t\t\t\t\t\t\t\t\t\t\t\t\t<\/div>\n\t\t\t\t<\/div>\n\t\t\t\t\t<\/div>\n\t\t\t\t<\/div>\n\t\t<div class=\"elementor-element elementor-element-80d537b e-flex e-con-boxed e-con e-parent\" data-id=\"80d537b\" data-element_type=\"container\" data-e-type=\"container\">\n\t\t\t\t\t<div class=\"e-con-inner\">\n\t\t\t\t<div class=\"elementor-element elementor-element-5e74126 elementor-widget elementor-widget-heading\" data-id=\"5e74126\" data-element_type=\"widget\" data-e-type=\"widget\" data-widget_type=\"heading.default\">\n\t\t\t\t\t<h2 class=\"elementor-heading-title elementor-size-default\">Nuestros Productos<\/h2>\t\t\t\t<\/div>\n\t\t\t\t\t<\/div>\n\t\t\t\t<\/div>\n\t\t\t\t<\/div>\n\t\t","protected":false},"excerpt":{"rendered":"<p>Caleos Hay nuevas recetas para preparar y compartir. Descubre mas!! En\u00a0CALEOS\u00a0creemos que la verdadera calidad nace del respeto: respeto por la naturaleza, por las abejas y por las personas que hacen posible cada cosecha. Trabajamos bajo un modelo de abastecimiento responsable, seleccionando cuidadosamente nuestras materias primas y acompa\u00f1ando a nuestros apicultores en pr\u00e1cticas sostenibles que [&hellip;]<\/p>\n","protected":false},"author":1,"featured_media":0,"parent":0,"menu_order":0,"comment_status":"closed","ping_status":"open","template":"","meta":{"footnotes":""},"class_list":["post-2","page","type-page","status-publish","hentry"],"_links":{"self":[{"href":"https:\/\/caleosorganic.com\/index.php\/wp-json\/wp\/v2\/pages\/2","targetHints":{"allow":["GET"]}}],"collection":[{"href":"https:\/\/caleosorganic.com\/index.php\/wp-json\/wp\/v2\/pages"}],"about":[{"href":"https:\/\/caleosorganic.com\/index.php\/wp-json\/wp\/v2\/types\/page"}],"author":[{"embeddable":true,"href":"https:\/\/caleosorganic.com\/index.php\/wp-json\/wp\/v2\/users\/1"}],"replies":[{"embeddable":true,"href":"https:\/\/caleosorganic.com\/index.php\/wp-json\/wp\/v2\/comments?post=2"}],"version-history":[{"count":46,"href":"https:\/\/caleosorganic.com\/index.php\/wp-json\/wp\/v2\/pages\/2\/revisions"}],"predecessor-version":[{"id":168,"href":"https:\/\/caleosorganic.com\/index.php\/wp-json\/wp\/v2\/pages\/2\/revisions\/168"}],"wp:attachment":[{"href":"https:\/\/caleosorganic.com\/index.php\/wp-json\/wp\/v2\/media?parent=2"}],"curies":[{"name":"wp","href":"https:\/\/api.w.org\/{rel}","templated":true}]}}